{"id":5,"date":"2012-10-04T18:18:40","date_gmt":"2012-10-04T18:18:40","guid":{"rendered":"http:\/\/pilatesfisioterapiatorrejon.com\/?page_id=5"},"modified":"2023-07-27T12:48:25","modified_gmt":"2023-07-27T12:48:25","slug":"columna-fisioterapia-y-osteopatia","status":"publish","type":"page","link":"http:\/\/pilatesfisioterapiatorrejon.com\/?page_id=5","title":{"rendered":"COLUMNA:  Fisioterapia y Osteopat\u00eda"},"content":{"rendered":"<p style=\"text-align: justify;\">\n<p style=\"text-align: justify;\">Con m\u00e1s de veinte a\u00f1os de experiencia en el mundo de la fisioterapia, ofrecemos una amplia gama de t\u00e9cnicas terap\u00e9uticas para el tratamiento de la mayor parte de patolog\u00edas, lesiones y dolencias.<\/p>\n<p><a href=\"http:\/\/pilatesfisioterapiatorrejon.com\/wp-content\/uploads\/2012\/10\/0052eSSentiafotografiaAlbum.jpg\"><img loading=\"lazy\" decoding=\"async\" class=\"size-large wp-image-464 aligncenter\" title=\"0052eSSentiafotografiaAlbum\" src=\"http:\/\/pilatesfisioterapiatorrejon.com\/wp-content\/uploads\/2012\/10\/0052eSSentiafotografiaAlbum-1024x682.jpg\" alt=\"\" width=\"549\" height=\"366\" srcset=\"http:\/\/pilatesfisioterapiatorrejon.com\/wp-content\/uploads\/2012\/10\/0052eSSentiafotografiaAlbum-1024x682.jpg 1024w, http:\/\/pilatesfisioterapiatorrejon.com\/wp-content\/uploads\/2012\/10\/0052eSSentiafotografiaAlbum-300x200.jpg 300w, http:\/\/pilatesfisioterapiatorrejon.com\/wp-content\/uploads\/2012\/10\/0052eSSentiafotografiaAlbum-600x400.jpg 600w, http:\/\/pilatesfisioterapiatorrejon.com\/wp-content\/uploads\/2012\/10\/0052eSSentiafotografiaAlbum-460x306.jpg 460w, http:\/\/pilatesfisioterapiatorrejon.com\/wp-content\/uploads\/2012\/10\/0052eSSentiafotografiaAlbum-688x458.jpg 688w, http:\/\/pilatesfisioterapiatorrejon.com\/wp-content\/uploads\/2012\/10\/0052eSSentiafotografiaAlbum.jpg 1200w\" sizes=\"auto, (max-width: 549px) 100vw, 549px\" \/><\/a><\/p>\n<div id=\"a-slot-8-body-2\" style=\"text-align: justify;\">\n<div id=\"a-slot-content-8-body-2\">\n<p><span style=\"color: #cc0000;\"><em><strong>Nuestro m\u00e9todo de trabajo<\/strong><\/em><\/span><\/p>\n<\/div>\n<\/div>\n<div id=\"a-slot-8-body-3\" style=\"text-align: justify;\">\n<div id=\"a-slot-content-8-body-3\">\n<p>\u2022 Trato individualizado con cada paciente, al cual se le explica detenidamente el origen de su lesi\u00f3n y en qu\u00e9 va a consistir el tratamiento.<\/p>\n<p>\u2022 Damos especial importancia a la sinceridad en el diagn\u00f3stico y an\u00e1lisis de la patolog\u00eda para determinar exactamente las posibilidades de mejor\u00eda y el n\u00famero de sesiones.<\/p>\n<p>\u2022 Todo nuestro trabajo se centra en terapia y t\u00e9cnica manual, ya que es la que consideramos mas efectiva, pues nos permite una mayor percepci\u00f3n de la lesi\u00f3n en cada momento.<\/p>\n<p>\u2022 En aquellos casos en los que se considera adecuado, se le indican al paciente ejercicios o pautas que puede llevar a cabo por su cuenta para ayudar a acelerar el proceso de curaci\u00f3n o para evitar que la lesi\u00f3n se vuelva a producir en un futuro.<\/p>\n<\/div>\n<\/div>\n<p style=\"text-align: justify;\"><span style=\"color: #cc0000;\"><strong><em>T\u00e9cnicas<\/em><\/strong><\/span><\/p>\n<p style=\"text-align: justify;\"><strong><a href=\"http:\/\/pilatesfisioterapiatorrejon.com\/wp-content\/uploads\/2012\/10\/0050eSSentiafotografiaAlbum.jpg\"><img loading=\"lazy\" decoding=\"async\" class=\"size-medium wp-image-529 alignleft\" title=\"Equipo Indiva Activ de Tecarterapia\" src=\"http:\/\/pilatesfisioterapiatorrejon.com\/wp-content\/uploads\/2012\/10\/0050eSSentiafotografiaAlbum-200x300.jpg\" alt=\"\" width=\"224\" height=\"336\" \/><\/a><\/strong><\/p>\n<p style=\"text-align: justify;\"><strong>Fisioterapia<\/strong>: Aplicamos todo el conjunto de t\u00e9cnicas que nos permiten prevenir, curar y recuperar la gran mayor\u00eda de patolog\u00edas y lesiones.<\/p>\n<p style=\"text-align: justify;\"><strong>Masaje<\/strong>:\u00a0 Masaje terape\u00fatico, deportivo, cyriax, de inducci\u00f3n y liberaci\u00f3n miofascial, puntos gatillo\u2026<\/p>\n<p style=\"text-align: justify;\"><strong>Diatermia (Indiba m\u00e9dico): <\/strong>La Diatermia es una terapia manual que est\u00e1 apoyada en una tecnolog\u00eda innovadora que permite tratar, a partir de la estimulaci\u00f3n de los tejidos profundos, numerosas patolog\u00edas y lesiones, tanto agudas como cr\u00f3nicas, mejorando considerablemente la eficacia del tratamiento y el tiempo de recuperaci\u00f3n. Consiste en la \u201cactivaci\u00f3n fisiol\u00f3gica\u201d desde el interior del tejido mediante tres acciones: la microcirculaci\u00f3n, la vasodilataci\u00f3n y la hipertermia, gracias a lo cual se logran efectos inmediatos en t\u00e9rminos de alivio del dolor, movilidad y disminuci\u00f3n de los tiempos de recuperaci\u00f3n. Para m\u00e1s informaci\u00f3n, puedes visitar la p\u00e1gina de Indiba:\u00a0 <a href=\"http:\/\/www.indiba.com\/es\" target=\"_blank\" rel=\"noopener noreferrer\"><span style=\"color: #0000ff;\">http:\/\/www.indiba.com\/es<\/span><\/a><\/p>\n<p style=\"text-align: justify;\"><strong>Osteopat\u00eda: <\/strong>Complementamos los tratamientos con t\u00e9cnicas de osteopat\u00eda articular (dedicada al restablecimiento del aparato m\u00fasculo-esquel\u00e9tico y de la postura, centrado en la columna vertebral, articulaciones y traumatismos) y osteopat\u00eda craneal (que se centra en los problemas craneales y su influencia en el sistema nervioso central, como es el caso de dolores de cabeza, migra\u00f1as, etc. )<\/p>\n<p style=\"text-align: justify;\"><strong>Streching:<\/strong> Estiramientos y movilizaciones activas y pasivas.<\/p>\n<p style=\"text-align: justify;\"><strong>Vendajes funcionales y Kinesio-taping o Vendaje Neuromuscular: <\/strong>Esta t\u00e9cnica se basa en realizar un vendaje sobre los m\u00fasculos y el resto de estructuras pr\u00f3ximas que nos interese, con el fin de asistir y disminuir las tensiones que act\u00faan sobre las estructuras lesionadas. Todos los vendajes derivados del Kinesio-taping se caracterizan por permitir al paciente una movilidad completa, al tiempo que refuerzan la articulaci\u00f3n o m\u00fasculo lesionado, permitiendo as\u00ed la autocuraci\u00f3n sin limitar al paciente.<\/p>\n<p style=\"text-align: justify;\"><strong><a href=\"http:\/\/pilatesfisioterapiatorrejon.com\/wp-content\/uploads\/2012\/10\/0048eSSentiafotografiaAlbum.jpg\"><img loading=\"lazy\" decoding=\"async\" class=\"size-medium wp-image-462 alignright\" title=\"0048eSSentiafotografiaAlbum\" src=\"http:\/\/pilatesfisioterapiatorrejon.com\/wp-content\/uploads\/2012\/10\/0048eSSentiafotografiaAlbum-200x300.jpg\" alt=\"\" width=\"200\" height=\"300\" srcset=\"http:\/\/pilatesfisioterapiatorrejon.com\/wp-content\/uploads\/2012\/10\/0048eSSentiafotografiaAlbum-200x300.jpg 200w, http:\/\/pilatesfisioterapiatorrejon.com\/wp-content\/uploads\/2012\/10\/0048eSSentiafotografiaAlbum-682x1024.jpg 682w, http:\/\/pilatesfisioterapiatorrejon.com\/wp-content\/uploads\/2012\/10\/0048eSSentiafotografiaAlbum-231x348.jpg 231w, http:\/\/pilatesfisioterapiatorrejon.com\/wp-content\/uploads\/2012\/10\/0048eSSentiafotografiaAlbum-688x1032.jpg 688w, http:\/\/pilatesfisioterapiatorrejon.com\/wp-content\/uploads\/2012\/10\/0048eSSentiafotografiaAlbum.jpg 800w\" sizes=\"auto, (max-width: 200px) 100vw, 200px\" \/><\/a><\/strong><\/p>\n<p style=\"text-align: justify;\"><strong>\u00a0<\/strong><\/p>\n<p><span style=\"color: #cc0000;\"><strong>DIAGN\u00d3STICO GRATUITO<br \/>\n<\/strong><\/span><\/p>\n<p style=\"text-align: justify;\"><span style=\"color: #cc0000;\"><strong>Solicitar cita previa<\/strong><\/span><\/p>\n<p style=\"text-align: justify;\">\n<p style=\"text-align: justify;\">\n","protected":false},"excerpt":{"rendered":"<p>Con m\u00e1s de veinte a\u00f1os de experiencia en el mundo de la fisioterapia, ofrecemos una amplia gama de t\u00e9cnicas terap\u00e9uticas para el tratamiento de la mayor parte de patolog\u00edas, lesiones y dolencias. Nuestro m\u00e9todo de trabajo \u2022 Trato individualizado con cada paciente, al cual se le explica detenidamente el origen de su lesi\u00f3n y en &hellip; <\/p>\n<p class=\"link-more\"><a href=\"http:\/\/pilatesfisioterapiatorrejon.com\/?page_id=5\" class=\"more-link\">Continuar leyendo<span class=\"screen-reader-text\"> \u00abCOLUMNA:  Fisioterapia y Osteopat\u00eda\u00bb<\/span><\/a><\/p>\n","protected":false},"author":1,"featured_media":0,"parent":0,"menu_order":3,"comment_status":"closed","ping_status":"closed","template":"","meta":{"_monsterinsights_skip_tracking":false,"_monsterinsights_sitenote_active":false,"_monsterinsights_sitenote_note":"","_monsterinsights_sitenote_category":0,"two_page_speed":[],"footnotes":"","_links_to":"","_links_to_target":""},"class_list":["post-5","page","type-page","status-publish","hentry"],"aioseo_notices":[],"_links":{"self":[{"href":"http:\/\/pilatesfisioterapiatorrejon.com\/index.php?rest_route=\/wp\/v2\/pages\/5","targetHints":{"allow":["GET"]}}],"collection":[{"href":"http:\/\/pilatesfisioterapiatorrejon.com\/index.php?rest_route=\/wp\/v2\/pages"}],"about":[{"href":"http:\/\/pilatesfisioterapiatorrejon.com\/index.php?rest_route=\/wp\/v2\/types\/page"}],"author":[{"embeddable":true,"href":"http:\/\/pilatesfisioterapiatorrejon.com\/index.php?rest_route=\/wp\/v2\/users\/1"}],"replies":[{"embeddable":true,"href":"http:\/\/pilatesfisioterapiatorrejon.com\/index.php?rest_route=%2Fwp%2Fv2%2Fcomments&post=5"}],"version-history":[{"count":67,"href":"http:\/\/pilatesfisioterapiatorrejon.com\/index.php?rest_route=\/wp\/v2\/pages\/5\/revisions"}],"predecessor-version":[{"id":1216,"href":"http:\/\/pilatesfisioterapiatorrejon.com\/index.php?rest_route=\/wp\/v2\/pages\/5\/revisions\/1216"}],"wp:attachment":[{"href":"http:\/\/pilatesfisioterapiatorrejon.com\/index.php?rest_route=%2Fwp%2Fv2%2Fmedia&parent=5"}],"curies":[{"name":"wp","href":"https:\/\/api.w.org\/{rel}","templated":true}]}}