{"id":1037,"date":"2019-01-18T10:22:04","date_gmt":"2019-01-18T10:22:04","guid":{"rendered":"http:\/\/pilatesfisioterapiatorrejon.com\/?page_id=1037"},"modified":"2019-01-18T15:57:58","modified_gmt":"2019-01-18T15:57:58","slug":"que-ofrecemos","status":"publish","type":"page","link":"http:\/\/pilatesfisioterapiatorrejon.com\/?page_id=1037","title":{"rendered":"Qu\u00e9 ofrecemos"},"content":{"rendered":"\n<p class=\"has-text-color has-very-light-gray-color\">.<\/p>\n\n\n\n<p class=\"has-text-color has-medium-font-size has-vivid-red-color\"><a href=\"http:\/\/pilatesfisioterapiatorrejon.com\/?page_id=5\"><strong>COLUMNA: <em>Fisioterapia y Osteopat\u00eda<\/em><\/strong><\/a><\/p>\n\n\n\n<p class=\"has-text-color has-medium-font-size has-vivid-red-color\"><a href=\"http:\/\/pilatesfisioterapiatorrejon.com\/?page_id=14\"><strong>CUERPO: <em>M\u00e9todo Pilates<\/em><\/strong><\/a><\/p>\n\n\n\n<p class=\"has-text-color has-medium-font-size has-vivid-red-color\"><a href=\"http:\/\/pilatesfisioterapiatorrejon.com\/?page_id=34\"><strong>MENTE: <em>Mindfulness, meditaci\u00f3n, talleres y cursos<\/em><\/strong><\/a><\/p>\n","protected":false},"excerpt":{"rendered":"<p>. COLUMNA: Fisioterapia y Osteopat\u00eda CUERPO: M\u00e9todo Pilates MENTE: Mindfulness, meditaci\u00f3n, talleres y cursos<\/p>\n","protected":false},"author":1,"featured_media":0,"parent":0,"menu_order":0,"comment_status":"closed","ping_status":"closed","template":"","meta":{"_monsterinsights_skip_tracking":false,"_monsterinsights_sitenote_active":false,"_monsterinsights_sitenote_note":"","_monsterinsights_sitenote_category":0,"two_page_speed":[],"footnotes":"","_links_to":"","_links_to_target":""},"class_list":["post-1037","page","type-page","status-publish","hentry"],"aioseo_notices":[],"_links":{"self":[{"href":"http:\/\/pilatesfisioterapiatorrejon.com\/index.php?rest_route=\/wp\/v2\/pages\/1037","targetHints":{"allow":["GET"]}}],"collection":[{"href":"http:\/\/pilatesfisioterapiatorrejon.com\/index.php?rest_route=\/wp\/v2\/pages"}],"about":[{"href":"http:\/\/pilatesfisioterapiatorrejon.com\/index.php?rest_route=\/wp\/v2\/types\/page"}],"author":[{"embeddable":true,"href":"http:\/\/pilatesfisioterapiatorrejon.com\/index.php?rest_route=\/wp\/v2\/users\/1"}],"replies":[{"embeddable":true,"href":"http:\/\/pilatesfisioterapiatorrejon.com\/index.php?rest_route=%2Fwp%2Fv2%2Fcomments&post=1037"}],"version-history":[{"count":7,"href":"http:\/\/pilatesfisioterapiatorrejon.com\/index.php?rest_route=\/wp\/v2\/pages\/1037\/revisions"}],"predecessor-version":[{"id":1071,"href":"http:\/\/pilatesfisioterapiatorrejon.com\/index.php?rest_route=\/wp\/v2\/pages\/1037\/revisions\/1071"}],"wp:attachment":[{"href":"http:\/\/pilatesfisioterapiatorrejon.com\/index.php?rest_route=%2Fwp%2Fv2%2Fmedia&parent=1037"}],"curies":[{"name":"wp","href":"https:\/\/api.w.org\/{rel}","templated":true}]}}